{"id":30441,"date":"2021-07-02T09:17:29","date_gmt":"2021-07-02T09:17:29","guid":{"rendered":"https:\/\/postermostra.com\/?post_type=product&#038;p=30441"},"modified":"2021-07-02T15:30:30","modified_gmt":"2021-07-02T15:30:30","slug":"franja-copia-copia","status":"publish","type":"product","link":"https:\/\/postermostra.com\/en\/produto\/franja-copia-copia\/","title":{"rendered":"Samuel \u00daria"},"content":{"rendered":"","protected":false},"excerpt":{"rendered":"<div class=\"coluna_info_produto\"><a href=\"https:\/\/postermostra.com\/en\/portfolio_page\/samuel-uria\/\"><img decoding=\"async\" class=\"alignnone wp-image-29748 size-medium lazyload\" data-src=\"https:\/\/postermostra.com\/wp-content\/uploads\/2021\/06\/samuel-uria-600x600.png\" alt=\"\" width=\"600\" height=\"600\" data-srcset=\"https:\/\/postermostra.com\/wp-content\/uploads\/2021\/06\/samuel-uria-600x600.png 600w, https:\/\/postermostra.com\/wp-content\/uploads\/2021\/06\/samuel-uria-700x700.png 700w, https:\/\/postermostra.com\/wp-content\/uploads\/2021\/06\/samuel-uria-100x100.png 100w, https:\/\/postermostra.com\/wp-content\/uploads\/2021\/06\/samuel-uria-200x200.png 200w, https:\/\/postermostra.com\/wp-content\/uploads\/2021\/06\/samuel-uria-768x768.png 768w, https:\/\/postermostra.com\/wp-content\/uploads\/2021\/06\/samuel-uria-570x570.png 570w, https:\/\/postermostra.com\/wp-content\/uploads\/2021\/06\/samuel-uria-500x500.png 500w, https:\/\/postermostra.com\/wp-content\/uploads\/2021\/06\/samuel-uria.png 1000w\" data-sizes=\"(max-width: 600px) 100vw, 600px\" src=\"data:image\/svg+xml;base64,PHN2ZyB3aWR0aD0iMSIgaGVpZ2h0PSIxIiB4bWxucz0iaHR0cDovL3d3dy53My5vcmcvMjAwMC9zdmciPjwvc3ZnPg==\" style=\"--smush-placeholder-width: 600px; --smush-placeholder-aspect-ratio: 600\/600;\" \/><\/a><\/div>\n<div class=\"coluna_info_produto\">\n<p>Born in the neckline of the nation, between Caramulo and Estrela, <a href=\"https:\/\/postermostra.com\/en\/portfolio_page\/samuel-uria\/\">\u00daria<\/a> takes to the stage the blues of the D\u00e3o region Delta. From rural legend to urban legend, everything is right: half man-half gospel, fado hands and rock\u2019n\u2019roll feet.<\/p>\n<p>With a background marked by punk, rock\u2019n\u2019roll and low-fi aesthetics, Samuel \u00daria has gained notoriety since 2008. His \u201cofficial\u201d discography in his own name includes four LP and two EPs \u2013 \u201cCan\u00e7\u00f5es do P\u00f3s-Guerra \u2013 solo (2021); \u201cCan\u00e7\u00f5es do P\u00f3s-Guerra\u201d (2020); \u201cMarca Atroz\u201d (2018); \u201cCarga de Ombro\u201d (2016); \u201cO Grande Medo do Pequeno Mudo\u201d (2013); and \u201cNem Lhe Tocava\u201d (2009). His \u201cunofficial\u201d discography, associated with the FlorCaveira label, we can count two CD-Rs and an EP-R \u2013 \u201cO Caminho Ferrovi\u00e1rio Estreito\u201d; \u201cEm Bruto\u201d; and \u201cDescondecora\u00e7\u00e3o de Samuel \u00daria\u201d. Samuel \u00daria also collaborated in the projects \u201cVelhas Gl\u00f3rias\u201d, \u201cNinivitas\u201d or \u201cMaria Clementina\u201d.<\/p>\n<p>Standing out among his peers for his unique use of his mother tongue, his songs can also be found in the repertoire of Ana Bacalhau, Ana Moura, Ant\u00f3nio Zambujo, Cindy Kat, Cl\u00e3, Cl\u00e1udia Pascoal, HMB, Marta Hugon or Miguel Ara\u00fajo, establishing him as the most interesting singer-songwriter of the 21st century.<\/p>\n<\/div>\n","protected":false},"featured_media":30097,"template":"","meta":{"_acf_changed":false,"inline_featured_image":false},"product_brand":[],"product_cat":[361,410,171,173,147,141,140,163,204,162,166,57,380,159,151],"product_tag":[],"class_list":{"0":"post-30441","1":"product","2":"type-product","3":"status-publish","4":"has-post-thumbnail","6":"product_cat-2021-en","7":"product_cat-posters-all","8":"product_cat-bedroom","9":"product_cat-childrens-room","10":"product_cat-colors","11":"product_cat-edition-year","12":"product_cat-home-environments","13":"product_cat-illustration","14":"product_cat-office","15":"product_cat-photography","16":"product_cat-pink","17":"product_cat-all-posters","18":"product_cat-street-exhib-2021","19":"product_cat-technique","20":"product_cat-white","21":"pa_dimensao-26-8-x-40-cm","22":"pa_dimensao-33-5-x-50-cm","23":"pa_dimensao-46-9-x-70-cm-en","24":"pa_dimensao-61-x-91-cm-en","25":"pa_moldura-black-frame","26":"pa_moldura-frameless","27":"pa_moldura-golden-frame","28":"pa_moldura-pine-frame","29":"pa_moldura-silver-frame","30":"pa_moldura-white-frame","32":"first","33":"onbackorder","34":"featured","35":"taxable","36":"shipping-taxable","37":"purchasable","38":"product-type-variable","39":"has-default-attributes"},"acf":[],"publishpress_future_workflow_manual_trigger":{"enabledWorkflows":[]},"_links":{"self":[{"href":"https:\/\/postermostra.com\/en\/wp-json\/wp\/v2\/product\/30441","targetHints":{"allow":["GET"]}}],"collection":[{"href":"https:\/\/postermostra.com\/en\/wp-json\/wp\/v2\/product"}],"about":[{"href":"https:\/\/postermostra.com\/en\/wp-json\/wp\/v2\/types\/product"}],"wp:featuredmedia":[{"embeddable":true,"href":"https:\/\/postermostra.com\/en\/wp-json\/wp\/v2\/media\/30097"}],"wp:attachment":[{"href":"https:\/\/postermostra.com\/en\/wp-json\/wp\/v2\/media?parent=30441"}],"wp:term":[{"taxonomy":"product_brand","embeddable":true,"href":"https:\/\/postermostra.com\/en\/wp-json\/wp\/v2\/product_brand?post=30441"},{"taxonomy":"product_cat","embeddable":true,"href":"https:\/\/postermostra.com\/en\/wp-json\/wp\/v2\/product_cat?post=30441"},{"taxonomy":"product_tag","embeddable":true,"href":"https:\/\/postermostra.com\/en\/wp-json\/wp\/v2\/product_tag?post=30441"}],"curies":[{"name":"wp","href":"https:\/\/api.w.org\/{rel}","templated":true}]}}