{"id":4249,"date":"2018-10-02T08:44:59","date_gmt":"2018-10-02T08:44:59","guid":{"rendered":"https:\/\/postermostra.com\/?post_type=product&#038;p=4249"},"modified":"2021-04-01T10:02:49","modified_gmt":"2021-04-01T10:02:49","slug":"adriano-miranda","status":"publish","type":"product","link":"https:\/\/postermostra.com\/en\/produto\/adriano-miranda\/","title":{"rendered":"Adriano Miranda"},"content":{"rendered":"","protected":false},"excerpt":{"rendered":"<div class=\"coluna_info_produto\"><a href=\"https:\/\/postermostra.com\/en\/portfolio_page\/adriano-miranda\/\"><img decoding=\"async\" class=\"alignnone wp-image-3668 size-medium lazyload\" data-src=\"https:\/\/postermostra.com\/wp-content\/uploads\/2018\/08\/ADRIANO-MIRANDA03-300x300.jpg\" alt=\"\" width=\"300\" height=\"300\" data-srcset=\"https:\/\/postermostra.com\/wp-content\/uploads\/2018\/08\/ADRIANO-MIRANDA03-300x300.jpg 300w, https:\/\/postermostra.com\/wp-content\/uploads\/2018\/08\/ADRIANO-MIRANDA03-700x700.jpg 700w, https:\/\/postermostra.com\/wp-content\/uploads\/2018\/08\/ADRIANO-MIRANDA03-100x100.jpg 100w, https:\/\/postermostra.com\/wp-content\/uploads\/2018\/08\/ADRIANO-MIRANDA03-150x150.jpg 150w, https:\/\/postermostra.com\/wp-content\/uploads\/2018\/08\/ADRIANO-MIRANDA03-768x768.jpg 768w, https:\/\/postermostra.com\/wp-content\/uploads\/2018\/08\/ADRIANO-MIRANDA03-570x570.jpg 570w, https:\/\/postermostra.com\/wp-content\/uploads\/2018\/08\/ADRIANO-MIRANDA03-500x500.jpg 500w, https:\/\/postermostra.com\/wp-content\/uploads\/2018\/08\/ADRIANO-MIRANDA03.jpg 900w\" data-sizes=\"(max-width: 300px) 100vw, 300px\" src=\"data:image\/svg+xml;base64,PHN2ZyB3aWR0aD0iMSIgaGVpZ2h0PSIxIiB4bWxucz0iaHR0cDovL3d3dy53My5vcmcvMjAwMC9zdmciPjwvc3ZnPg==\" style=\"--smush-placeholder-width: 300px; --smush-placeholder-aspect-ratio: 300\/300;\" \/><\/a><\/div>\n<div class=\"coluna_info_produto\">\n<p><a href=\"https:\/\/postermostra.com\/en\/portfolio_page\/adriano-miranda\/\" target=\"_blank\" rel=\"noopener noreferrer\">Adriano Miranda<\/a> wanted to be a sculptor but photography won him over. He found it in 1992, while attending Ar.Co \u2013 Centro de Arte e Comunica\u00e7\u00e3o Visual (Art and Visual Communication Center). He has been a photojournalist in Portuguese daily newspaper P\u00fablico, where he is also a columnist. In 2017, Adriano won the Pr\u00e9mio Gazeta from the Clube dos Jornalistas &#8211; Press Club for his portrait on the paper\u2019s front page the day following one of the country\u2019s worst wildfires ever.<\/p>\n<\/div>\n","protected":false},"featured_media":4251,"template":"","meta":{"_acf_changed":false,"inline_featured_image":false},"product_brand":[],"product_cat":[144,410,150,152,147,141,140,172,156,204,162,57,159],"product_tag":[],"class_list":{"0":"post-4249","1":"product","2":"type-product","3":"status-publish","4":"has-post-thumbnail","6":"product_cat-2018-en","7":"product_cat-posters-all","8":"product_cat-beije","9":"product_cat-brown","10":"product_cat-colors","11":"product_cat-edition-year","12":"product_cat-home-environments","13":"product_cat-lounge","14":"product_cat-multicolor","15":"product_cat-office","16":"product_cat-photography","17":"product_cat-all-posters","18":"product_cat-technique","19":"pa_dimensao-61-x-91-cm-en","20":"pa_moldura-black-frame","21":"pa_moldura-frameless","22":"pa_moldura-golden-frame","23":"pa_moldura-pine-frame","24":"pa_moldura-silver-frame","25":"pa_moldura-white-frame","27":"first","28":"instock","29":"taxable","30":"shipping-taxable","31":"purchasable","32":"product-type-variable","33":"has-default-attributes"},"acf":[],"publishpress_future_workflow_manual_trigger":{"enabledWorkflows":[]},"_links":{"self":[{"href":"https:\/\/postermostra.com\/en\/wp-json\/wp\/v2\/product\/4249","targetHints":{"allow":["GET"]}}],"collection":[{"href":"https:\/\/postermostra.com\/en\/wp-json\/wp\/v2\/product"}],"about":[{"href":"https:\/\/postermostra.com\/en\/wp-json\/wp\/v2\/types\/product"}],"wp:featuredmedia":[{"embeddable":true,"href":"https:\/\/postermostra.com\/en\/wp-json\/wp\/v2\/media\/4251"}],"wp:attachment":[{"href":"https:\/\/postermostra.com\/en\/wp-json\/wp\/v2\/media?parent=4249"}],"wp:term":[{"taxonomy":"product_brand","embeddable":true,"href":"https:\/\/postermostra.com\/en\/wp-json\/wp\/v2\/product_brand?post=4249"},{"taxonomy":"product_cat","embeddable":true,"href":"https:\/\/postermostra.com\/en\/wp-json\/wp\/v2\/product_cat?post=4249"},{"taxonomy":"product_tag","embeddable":true,"href":"https:\/\/postermostra.com\/en\/wp-json\/wp\/v2\/product_tag?post=4249"}],"curies":[{"name":"wp","href":"https:\/\/api.w.org\/{rel}","templated":true}]}}