{"id":4289,"date":"2018-10-02T10:17:49","date_gmt":"2018-10-02T10:17:49","guid":{"rendered":"https:\/\/postermostra.com\/?post_type=product&#038;p=4289"},"modified":"2021-04-01T10:02:36","modified_gmt":"2021-04-01T10:02:36","slug":"lord-mantraste-2018","status":"publish","type":"product","link":"https:\/\/postermostra.com\/en\/produto\/lord-mantraste-2018\/","title":{"rendered":"Lord Mantraste"},"content":{"rendered":"","protected":false},"excerpt":{"rendered":"<div class=\"coluna_info_produto\"><a href=\"https:\/\/postermostra.com\/en\/portfolio_page\/lord-mantraste\/\"><img decoding=\"async\" class=\"alignnone wp-image-3908 size-medium lazyload\" data-src=\"https:\/\/postermostra.com\/wp-content\/uploads\/2018\/09\/Lord-Mantraste-300x300.jpg\" alt=\"\" width=\"300\" height=\"300\" data-srcset=\"https:\/\/postermostra.com\/wp-content\/uploads\/2018\/09\/Lord-Mantraste-300x300.jpg 300w, https:\/\/postermostra.com\/wp-content\/uploads\/2018\/09\/Lord-Mantraste-700x700.jpg 700w, https:\/\/postermostra.com\/wp-content\/uploads\/2018\/09\/Lord-Mantraste-100x100.jpg 100w, https:\/\/postermostra.com\/wp-content\/uploads\/2018\/09\/Lord-Mantraste-150x150.jpg 150w, https:\/\/postermostra.com\/wp-content\/uploads\/2018\/09\/Lord-Mantraste-768x768.jpg 768w, https:\/\/postermostra.com\/wp-content\/uploads\/2018\/09\/Lord-Mantraste-570x570.jpg 570w, https:\/\/postermostra.com\/wp-content\/uploads\/2018\/09\/Lord-Mantraste-500x500.jpg 500w, https:\/\/postermostra.com\/wp-content\/uploads\/2018\/09\/Lord-Mantraste.jpg 900w\" data-sizes=\"(max-width: 300px) 100vw, 300px\" src=\"data:image\/svg+xml;base64,PHN2ZyB3aWR0aD0iMSIgaGVpZ2h0PSIxIiB4bWxucz0iaHR0cDovL3d3dy53My5vcmcvMjAwMC9zdmciPjwvc3ZnPg==\" style=\"--smush-placeholder-width: 300px; --smush-placeholder-aspect-ratio: 300\/300;\" \/><\/a><\/div>\n<div class=\"coluna_info_produto\">\n<p><a href=\"https:\/\/postermostra.com\/en\/portfolio_page\/lord-mantraste\/\" target=\"_blank\" rel=\"noopener noreferrer\">Lord Mantraste <\/a>has been collaborating with clients such as: Casa Da M\u00fasica, 20|20 and Stolen Books publishing houses, Jornal Expresso, S\u00e1bado Magazine, Associa\u00e7\u00e3o Nacional de Farm\u00e1cias, among others. Among his most recent works, it should be particularly highlighted \u201cSebenta do Diabo\u201d (Stolen Books, 2017), an illustrated grimoire which contains several tales about rituals of occultism, passion, spells and popular conjurations. We can also find Lord Mantraste\u2019s art on the covers of Elsinore label\u2019s fiction books or bi-monthly magazine \u201cFarm\u00e1cia Portuguesa\u201d, for example.<\/p>\n<\/div>\n","protected":false},"featured_media":4291,"template":"","meta":{"_acf_changed":false,"inline_featured_image":false},"product_brand":[],"product_cat":[144,410,149,173,147,141,140,163,172,204,57,159],"product_tag":[],"class_list":{"0":"post-4289","1":"product","2":"type-product","3":"status-publish","4":"has-post-thumbnail","6":"product_cat-2018-en","7":"product_cat-posters-all","8":"product_cat-blue","9":"product_cat-childrens-room","10":"product_cat-colors","11":"product_cat-edition-year","12":"product_cat-home-environments","13":"product_cat-illustration","14":"product_cat-lounge","15":"product_cat-office","16":"product_cat-all-posters","17":"product_cat-technique","18":"pa_dimensao-61-x-91-cm-en","19":"pa_moldura-black-frame","20":"pa_moldura-frameless","21":"pa_moldura-golden-frame","22":"pa_moldura-pine-frame","23":"pa_moldura-silver-frame","24":"pa_moldura-white-frame","26":"first","27":"instock","28":"taxable","29":"shipping-taxable","30":"purchasable","31":"product-type-variable","32":"has-default-attributes"},"acf":[],"publishpress_future_workflow_manual_trigger":{"enabledWorkflows":[]},"_links":{"self":[{"href":"https:\/\/postermostra.com\/en\/wp-json\/wp\/v2\/product\/4289","targetHints":{"allow":["GET"]}}],"collection":[{"href":"https:\/\/postermostra.com\/en\/wp-json\/wp\/v2\/product"}],"about":[{"href":"https:\/\/postermostra.com\/en\/wp-json\/wp\/v2\/types\/product"}],"wp:featuredmedia":[{"embeddable":true,"href":"https:\/\/postermostra.com\/en\/wp-json\/wp\/v2\/media\/4291"}],"wp:attachment":[{"href":"https:\/\/postermostra.com\/en\/wp-json\/wp\/v2\/media?parent=4289"}],"wp:term":[{"taxonomy":"product_brand","embeddable":true,"href":"https:\/\/postermostra.com\/en\/wp-json\/wp\/v2\/product_brand?post=4289"},{"taxonomy":"product_cat","embeddable":true,"href":"https:\/\/postermostra.com\/en\/wp-json\/wp\/v2\/product_cat?post=4289"},{"taxonomy":"product_tag","embeddable":true,"href":"https:\/\/postermostra.com\/en\/wp-json\/wp\/v2\/product_tag?post=4289"}],"curies":[{"name":"wp","href":"https:\/\/api.w.org\/{rel}","templated":true}]}}