{"id":5370,"date":"2019-06-18T13:13:03","date_gmt":"2019-06-18T13:13:03","guid":{"rendered":"https:\/\/postermostra.com\/?post_type=product&#038;p=5370"},"modified":"2021-04-01T10:01:24","modified_gmt":"2021-04-01T10:01:24","slug":"ondjaki","status":"publish","type":"product","link":"https:\/\/postermostra.com\/en\/produto\/ondjaki\/","title":{"rendered":"Ondjaki"},"content":{"rendered":"","protected":false},"excerpt":{"rendered":"<div class=\"coluna_info_produto\"><a href=\"https:\/\/postermostra.com\/en\/portfolio_page\/ondjaki\/\"><img decoding=\"async\" class=\"alignnone wp-image-5074 size-medium lazyload\" data-src=\"https:\/\/postermostra.com\/wp-content\/uploads\/2019\/05\/Ondjaki-scaled-300x300.jpeg\" alt=\"\" width=\"300\" height=\"300\" data-srcset=\"https:\/\/postermostra.com\/wp-content\/uploads\/2019\/05\/Ondjaki-scaled-300x300.jpeg 300w, https:\/\/postermostra.com\/wp-content\/uploads\/2019\/05\/Ondjaki-scaled-700x700.jpeg 700w, https:\/\/postermostra.com\/wp-content\/uploads\/2019\/05\/Ondjaki-scaled-100x100.jpeg 100w, https:\/\/postermostra.com\/wp-content\/uploads\/2019\/05\/Ondjaki-scaled-1024x1024.jpeg 1024w, https:\/\/postermostra.com\/wp-content\/uploads\/2019\/05\/Ondjaki-scaled-150x150.jpeg 150w, https:\/\/postermostra.com\/wp-content\/uploads\/2019\/05\/Ondjaki-scaled-768x768.jpeg 768w, https:\/\/postermostra.com\/wp-content\/uploads\/2019\/05\/Ondjaki-scaled-1536x1536.jpeg 1536w, https:\/\/postermostra.com\/wp-content\/uploads\/2019\/05\/Ondjaki-scaled-2048x2048.jpeg 2048w, https:\/\/postermostra.com\/wp-content\/uploads\/2019\/05\/Ondjaki-scaled-570x570.jpeg 570w, https:\/\/postermostra.com\/wp-content\/uploads\/2019\/05\/Ondjaki-scaled-500x500.jpeg 500w, https:\/\/postermostra.com\/wp-content\/uploads\/2019\/05\/Ondjaki-scaled-1000x1000.jpeg 1000w\" data-sizes=\"(max-width: 300px) 100vw, 300px\" src=\"data:image\/svg+xml;base64,PHN2ZyB3aWR0aD0iMSIgaGVpZ2h0PSIxIiB4bWxucz0iaHR0cDovL3d3dy53My5vcmcvMjAwMC9zdmciPjwvc3ZnPg==\" style=\"--smush-placeholder-width: 300px; --smush-placeholder-aspect-ratio: 300\/300;\" \/><\/a><\/div>\n<div class=\"coluna_info_produto\">\n<p>Ondjaki (Luanda, 1977) is a prose writer and a poet who also write for cinema and theater. He co-directed a documentary about his hometown called \u201cHope the pitanga cherries grow \u2013 tales of Luanda\u201d (2006).<\/p>\n<p>&nbsp;<\/p>\n<p><a href=\"https:\/\/postermostra.com\/en\/portfolio_page\/ondjaki\/\">Ondjaki<\/a> is a member of the Uni\u00e3o dos Escritores Angolanos (Angolan Writers Union), Associa\u00e7\u00e3o Protetora do Anonimato dos Gambozinos (Association for the Protection of the Snipes\u2019 Anonymousness), and an honorary member of da Associa\u00e7\u00e3o de Poetas H\u00fangaros (Hungarian Writers Association).<\/p>\n<\/div>\n","protected":false},"featured_media":5404,"template":"","meta":{"_acf_changed":false,"inline_featured_image":false},"product_brand":[],"product_cat":[145,410,171,150,147,141,140,164,172,204,162,57,159],"product_tag":[],"class_list":{"0":"post-5370","1":"product","2":"type-product","3":"status-publish","4":"has-post-thumbnail","6":"product_cat-2019-en","7":"product_cat-posters-all","8":"product_cat-bedroom","9":"product_cat-beije","10":"product_cat-colors","11":"product_cat-edition-year","12":"product_cat-home-environments","13":"product_cat-lettering-en","14":"product_cat-lounge","15":"product_cat-office","16":"product_cat-photography","17":"product_cat-all-posters","18":"product_cat-technique","19":"pa_dimensao-61-x-91-cm-en","20":"pa_moldura-black-frame","21":"pa_moldura-frameless","22":"pa_moldura-golden-frame","23":"pa_moldura-pine-frame","24":"pa_moldura-silver-frame","25":"pa_moldura-white-frame","27":"first","28":"onbackorder","29":"taxable","30":"shipping-taxable","31":"purchasable","32":"product-type-variable","33":"has-default-attributes"},"acf":[],"publishpress_future_workflow_manual_trigger":{"enabledWorkflows":[]},"_links":{"self":[{"href":"https:\/\/postermostra.com\/en\/wp-json\/wp\/v2\/product\/5370","targetHints":{"allow":["GET"]}}],"collection":[{"href":"https:\/\/postermostra.com\/en\/wp-json\/wp\/v2\/product"}],"about":[{"href":"https:\/\/postermostra.com\/en\/wp-json\/wp\/v2\/types\/product"}],"wp:featuredmedia":[{"embeddable":true,"href":"https:\/\/postermostra.com\/en\/wp-json\/wp\/v2\/media\/5404"}],"wp:attachment":[{"href":"https:\/\/postermostra.com\/en\/wp-json\/wp\/v2\/media?parent=5370"}],"wp:term":[{"taxonomy":"product_brand","embeddable":true,"href":"https:\/\/postermostra.com\/en\/wp-json\/wp\/v2\/product_brand?post=5370"},{"taxonomy":"product_cat","embeddable":true,"href":"https:\/\/postermostra.com\/en\/wp-json\/wp\/v2\/product_cat?post=5370"},{"taxonomy":"product_tag","embeddable":true,"href":"https:\/\/postermostra.com\/en\/wp-json\/wp\/v2\/product_tag?post=5370"}],"curies":[{"name":"wp","href":"https:\/\/api.w.org\/{rel}","templated":true}]}}