{"id":8030,"date":"2020-06-04T09:42:54","date_gmt":"2020-06-04T09:42:54","guid":{"rendered":"https:\/\/postermostra.com\/?post_type=product&#038;p=8030"},"modified":"2021-04-01T10:00:42","modified_gmt":"2021-04-01T10:00:42","slug":"ines-lopes-goncalves-2020","status":"publish","type":"product","link":"https:\/\/postermostra.com\/en\/produto\/ines-lopes-goncalves-2020\/","title":{"rendered":"In\u00eas Lopes Gon\u00e7alves [2020]"},"content":{"rendered":"","protected":false},"excerpt":{"rendered":"<div class=\"coluna_info_produto\"><a href=\"https:\/\/postermostra.com\/en\/portfolio_page\/ines-lopes-goncalves\/\"><img decoding=\"async\" class=\"alignnone wp-image-7231 size-medium lazyload\" data-src=\"https:\/\/postermostra.com\/wp-content\/uploads\/2020\/05\/ineslopesgoncalves-300x300.png\" alt=\"\" width=\"300\" height=\"300\" data-srcset=\"https:\/\/postermostra.com\/wp-content\/uploads\/2020\/05\/ineslopesgoncalves-300x300.png 300w, https:\/\/postermostra.com\/wp-content\/uploads\/2020\/05\/ineslopesgoncalves-700x700.png 700w, https:\/\/postermostra.com\/wp-content\/uploads\/2020\/05\/ineslopesgoncalves-100x100.png 100w, https:\/\/postermostra.com\/wp-content\/uploads\/2020\/05\/ineslopesgoncalves-150x150.png 150w, https:\/\/postermostra.com\/wp-content\/uploads\/2020\/05\/ineslopesgoncalves-768x768.png 768w, https:\/\/postermostra.com\/wp-content\/uploads\/2020\/05\/ineslopesgoncalves-570x570.png 570w, https:\/\/postermostra.com\/wp-content\/uploads\/2020\/05\/ineslopesgoncalves-500x500.png 500w, https:\/\/postermostra.com\/wp-content\/uploads\/2020\/05\/ineslopesgoncalves.png 1000w\" data-sizes=\"(max-width: 300px) 100vw, 300px\" src=\"data:image\/svg+xml;base64,PHN2ZyB3aWR0aD0iMSIgaGVpZ2h0PSIxIiB4bWxucz0iaHR0cDovL3d3dy53My5vcmcvMjAwMC9zdmciPjwvc3ZnPg==\" style=\"--smush-placeholder-width: 300px; --smush-placeholder-aspect-ratio: 300\/300;\" \/><\/a><\/div>\n<div class=\"coluna_info_produto\"><a href=\"https:\/\/postermostra.com\/en\/portfolio_page\/ines-lopes-goncalves\/\" target=\"_blank\" rel=\"noopener noreferrer\">In\u00eas Lopes Gon\u00e7alves<\/a> is a person, a role she accumulates with those of a broadcaster and TV presenter. We can hear her on Mondays and Fridays on \u201cAntena 3 radio\u2019s Manh\u00e3s da 3\u201d, from 7 am-10 am. In\u00eas is a talk-show hostess for Sunday night \u201cTraz P&#8217;r\u00e1 Frente\u201d at RTP Mem\u00f3ria, with J\u00falio Isidro, Nuno Markl, Fernando Alvim, \u00c1lvaro Costa and co-hosts, with Filomena Cautela, the \u201c5 Para a Meia-Noite, every Thursday night on RTP. She could make a living from her gift to naming businesses, programs and a number of other things, but that, to her knowledge, is not a job.<\/div>\n","protected":false},"featured_media":8032,"template":"","meta":{"_acf_changed":false,"inline_featured_image":false},"product_brand":[],"product_cat":[57,146,410,171,160,147,141,140,163,164,172,156,204,159,148],"product_tag":[],"class_list":{"0":"post-8030","1":"product","2":"type-product","3":"status-publish","4":"has-post-thumbnail","6":"product_cat-all-posters","7":"product_cat-2020-en","8":"product_cat-posters-all","9":"product_cat-bedroom","10":"product_cat-collage-en","11":"product_cat-colors","12":"product_cat-edition-year","13":"product_cat-home-environments","14":"product_cat-illustration","15":"product_cat-lettering-en","16":"product_cat-lounge","17":"product_cat-multicolor","18":"product_cat-office","19":"product_cat-technique","20":"product_cat-yellow","21":"pa_dimensao-61-x-91-cm-en","22":"pa_moldura-black-frame","23":"pa_moldura-frameless","24":"pa_moldura-golden-frame","25":"pa_moldura-pine-frame","26":"pa_moldura-silver-frame","27":"pa_moldura-white-frame","29":"first","30":"onbackorder","31":"taxable","32":"shipping-taxable","33":"purchasable","34":"product-type-variable","35":"has-default-attributes"},"acf":[],"publishpress_future_workflow_manual_trigger":{"enabledWorkflows":[]},"_links":{"self":[{"href":"https:\/\/postermostra.com\/en\/wp-json\/wp\/v2\/product\/8030","targetHints":{"allow":["GET"]}}],"collection":[{"href":"https:\/\/postermostra.com\/en\/wp-json\/wp\/v2\/product"}],"about":[{"href":"https:\/\/postermostra.com\/en\/wp-json\/wp\/v2\/types\/product"}],"wp:featuredmedia":[{"embeddable":true,"href":"https:\/\/postermostra.com\/en\/wp-json\/wp\/v2\/media\/8032"}],"wp:attachment":[{"href":"https:\/\/postermostra.com\/en\/wp-json\/wp\/v2\/media?parent=8030"}],"wp:term":[{"taxonomy":"product_brand","embeddable":true,"href":"https:\/\/postermostra.com\/en\/wp-json\/wp\/v2\/product_brand?post=8030"},{"taxonomy":"product_cat","embeddable":true,"href":"https:\/\/postermostra.com\/en\/wp-json\/wp\/v2\/product_cat?post=8030"},{"taxonomy":"product_tag","embeddable":true,"href":"https:\/\/postermostra.com\/en\/wp-json\/wp\/v2\/product_tag?post=8030"}],"curies":[{"name":"wp","href":"https:\/\/api.w.org\/{rel}","templated":true}]}}