{"id":8069,"date":"2020-06-04T12:38:40","date_gmt":"2020-06-04T12:38:40","guid":{"rendered":"https:\/\/postermostra.com\/?post_type=product&#038;p=8069"},"modified":"2024-06-12T08:17:02","modified_gmt":"2024-06-12T08:17:02","slug":"paulo-romao-bras-2020","status":"publish","type":"product","link":"https:\/\/postermostra.com\/en\/produto\/paulo-romao-bras-2020\/","title":{"rendered":"Paulo Rom\u00e3o Br\u00e1s"},"content":{"rendered":"","protected":false},"excerpt":{"rendered":"<div class=\"coluna_info_produto\"><a href=\"https:\/\/postermostra.com\/en\/portfolio_page\/paulo-romao-bras\/\"><img decoding=\"async\" class=\"alignnone wp-image-7211 size-medium lazyload\" data-src=\"https:\/\/postermostra.com\/wp-content\/uploads\/2020\/05\/PRB-300x300.jpg\" alt=\"\" width=\"300\" height=\"300\" data-srcset=\"https:\/\/postermostra.com\/wp-content\/uploads\/2020\/05\/PRB-300x300.jpg 300w, https:\/\/postermostra.com\/wp-content\/uploads\/2020\/05\/PRB-700x700.jpg 700w, https:\/\/postermostra.com\/wp-content\/uploads\/2020\/05\/PRB-100x100.jpg 100w, https:\/\/postermostra.com\/wp-content\/uploads\/2020\/05\/PRB-150x150.jpg 150w, https:\/\/postermostra.com\/wp-content\/uploads\/2020\/05\/PRB-570x570.jpg 570w, https:\/\/postermostra.com\/wp-content\/uploads\/2020\/05\/PRB-500x500.jpg 500w, https:\/\/postermostra.com\/wp-content\/uploads\/2020\/05\/PRB.jpg 736w\" data-sizes=\"(max-width: 300px) 100vw, 300px\" src=\"data:image\/svg+xml;base64,PHN2ZyB3aWR0aD0iMSIgaGVpZ2h0PSIxIiB4bWxucz0iaHR0cDovL3d3dy53My5vcmcvMjAwMC9zdmciPjwvc3ZnPg==\" style=\"--smush-placeholder-width: 300px; --smush-placeholder-aspect-ratio: 300\/300;\" \/><\/a><\/div>\n<div class=\"coluna_info_produto\"><a href=\"https:\/\/postermostra.com\/en\/portfolio_page\/paulo-romao-bras\/\" target=\"_blank\" rel=\"noopener noreferrer\">Paulo Rom\u00e3o Br\u00e1s<\/a><a href=\"https:\/\/postermostra.com\/portfolio_page\/paulo-romao-bras\/\" target=\"_blank\" rel=\"noopener noreferrer\"> was born in Portalegre, but soon changed the waving of the Alentejo fields for a view over the smooth waves of the Tagus. Lisbon is the city where he lives, works and where he graduated from the Escola Superior de Comunica\u00e7\u00e3o Social and AR.CO. His work was shown in individual and group exhibitions, and he participated and collaborated in several magazines such as Nada, Magn\u00e9tica, Op., N\u00famero and \u00d3pio. He was the founder and editor of Base, Number and most recently D\u2019A Morte do Artista magazines. In recent years he has collaborated on different projects as a musician and composer. Now, he is preparing the second volume of \u201cDark Parables\u201d, an artist\u2019s book, for which he invites writers to illustrate his works with their texts. <\/a><\/div>\n","protected":false},"featured_media":8071,"template":"","meta":{"_acf_changed":false,"inline_featured_image":false},"product_brand":[],"product_cat":[146,410,171,160,147,141,140,172,156,204,57,159],"product_tag":[],"class_list":{"0":"post-8069","1":"product","2":"type-product","3":"status-publish","4":"has-post-thumbnail","6":"product_cat-2020-en","7":"product_cat-posters-all","8":"product_cat-bedroom","9":"product_cat-collage-en","10":"product_cat-colors","11":"product_cat-edition-year","12":"product_cat-home-environments","13":"product_cat-lounge","14":"product_cat-multicolor","15":"product_cat-office","16":"product_cat-all-posters","17":"product_cat-technique","18":"pa_dimensao-26-8-x-40-cm","19":"pa_dimensao-33-5-x-50-cm","20":"pa_dimensao-46-9-x-70-cm-en","21":"pa_dimensao-61-x-91-cm-en","22":"pa_moldura-black-frame","23":"pa_moldura-frameless","24":"pa_moldura-golden-frame","25":"pa_moldura-pine-frame","26":"pa_moldura-silver-frame","27":"pa_moldura-white-frame","29":"first","30":"onbackorder","31":"taxable","32":"shipping-taxable","33":"purchasable","34":"product-type-variable","35":"has-default-attributes"},"acf":[],"publishpress_future_workflow_manual_trigger":{"enabledWorkflows":[]},"_links":{"self":[{"href":"https:\/\/postermostra.com\/en\/wp-json\/wp\/v2\/product\/8069","targetHints":{"allow":["GET"]}}],"collection":[{"href":"https:\/\/postermostra.com\/en\/wp-json\/wp\/v2\/product"}],"about":[{"href":"https:\/\/postermostra.com\/en\/wp-json\/wp\/v2\/types\/product"}],"wp:featuredmedia":[{"embeddable":true,"href":"https:\/\/postermostra.com\/en\/wp-json\/wp\/v2\/media\/8071"}],"wp:attachment":[{"href":"https:\/\/postermostra.com\/en\/wp-json\/wp\/v2\/media?parent=8069"}],"wp:term":[{"taxonomy":"product_brand","embeddable":true,"href":"https:\/\/postermostra.com\/en\/wp-json\/wp\/v2\/product_brand?post=8069"},{"taxonomy":"product_cat","embeddable":true,"href":"https:\/\/postermostra.com\/en\/wp-json\/wp\/v2\/product_cat?post=8069"},{"taxonomy":"product_tag","embeddable":true,"href":"https:\/\/postermostra.com\/en\/wp-json\/wp\/v2\/product_tag?post=8069"}],"curies":[{"name":"wp","href":"https:\/\/api.w.org\/{rel}","templated":true}]}}